{"id":13977,"date":"2021-12-14T23:45:07","date_gmt":"2021-12-14T22:45:07","guid":{"rendered":"https:\/\/www.ticeco.eu\/?page_id=13977"},"modified":"2021-12-15T00:52:03","modified_gmt":"2021-12-14T23:52:03","slug":"data-services","status":"publish","type":"page","link":"https:\/\/www.ticeco.eu\/nl\/data-services\/","title":{"rendered":"Data services"},"content":{"rendered":"<div class=\"row \"><div class=\"wpv-grid grid-1-1  wpv-first-level first unextended\" style=\"padding-top:0px;padding-bottom:0px\" id=\"tic-resize\" ><div class=\"row \"><div class=\"wpv-grid grid-1-1 tic-col first unextended\" style=\"padding-top:0px;padding-bottom:0px\" id=\"wpv-column-4b58c28d7332c2caeff01fbb08bce684\" ><div class=\"row \"><div class=\"wpv-grid grid-2-5  first unextended\" style=\"padding-top:0px;padding-bottom:0px\" id=\"wpv-column-333f8bfced15626c20853c1765585316\" >\t\t\t\t\t\n<div>\n<h4>Maak gebruik van geavanceerde datastromen<\/h4>\n<\/div>\n\t\t\t\t<div class=\"sep\"><\/div>\t<p>Data is voor een IATA agent uitermate belangrijk. Een kleine vergissing kan al snel een aanzienlijke schade opleveren voor de klant en de luchtvaartmaatschappij. Door een adequate verwerking van data is uw organisatie bovendien in staat om de verwerking van gegevens in de mid- en backoffice verregaand te automatiseren.<\/p>\n<p>In de distributie procedures bieden alle partijen die hierin zijn betrokken (bijvoorbeeld de GDS, luchtvaartmaatschappijen en IATA) verschillende datastromen aan, van een eenvoudige EDIFACT terugkoppeling van een transactie tot een formaat dat specifiek door \u00e9\u00e9n aanbieder wordt gebruikt. Daarnaast biedt IATA ook verschillende systemen aan om de transacties in te verwerken, zoals BSPlink en CASSlink. Met \u00e9\u00e9n IATA nummer is dit nog wel te overzien, maar weet u ook hoe u deze gegevens kunt groeperen in \u00e9\u00e9n systeem en ontsluiten via bijvoorbeeld SFTP? Bent u daarnaast bekend met de data definities van bijvoorbeeld de HOT sales bestanden die u kunt importeren in uw backoffice, of de mogelijkheden van de IATA Customer Portal?<\/div>\n<div class=\"wpv-grid grid-1-5  unextended\" style=\"padding-top:0px;padding-bottom:0px\" id=\"wpv-column-e7d6a00f2322a69d97c70be9a98fdeb6\" ><p><img decoding=\"async\" class=\"alignnone size-full wp-image-15337\" src=\"\/wp-content\/uploads\/other\/iata-data-wordcloud.webp\" alt=\"\" width=\"100%\" height=\"100%\" \/><\/div>\n<div class=\"wpv-grid grid-2-5  unextended\" style=\"padding-top:0px;padding-bottom:0px\" id=\"wpv-column-0bc105eb61857f210ebfd9776fed7b78\" >\t\t\t\t\t\n<div>\n<h4>Wij helpen u graag!<\/h4>\n<\/div>\n\t\t\t\t<div class=\"sep\"><\/div>\t<p>Wij zijn goed thuis in de verschillende data processen en hoe en door wie deze worden aangeboden. Niet alleen omdat onze \u2018roots\u2019 ook mede liggen in de distributie van de luchtvaart, maar omdat wij vanuit een juridisch oogpunt ook vaak in de verschillende datastromen en systemen moeten zoeken naar de oorzaken van\u00a0 schade in bijvoorbeeld de geschillenbeslechting en opbouw van de feitelijke aanleiding van een schadeclaim. Hierdoor zijn wij ook, naast onze juridische ondersteuning, in staat organisaties te helpen met het verwerken van claims en dit zo nodig volledig uit handen te nemen.<\/p>\n<p>Wilt u meer weten over de mogelijkheden voor uw organisatie of wilt u eens met ons hierover van gedachten wisselen. Neem dan contact op!<\/div><\/div><\/div><\/div><\/div><\/div>\n<div class=\"row \"><div class=\"wpv-grid grid-1-1  wpv-first-level first unextended\" style=\"padding-top:0px;padding-bottom:0px\" id=\"wpv-column-2dc766f80088651491455ecece1e10f7\" ><\/div><\/div>\n","protected":false},"excerpt":{"rendered":"<p>Data is voor een IATA agent uitermate belangrijk. Een kleine vergissing kan al snel een aanzienlijke schade opleveren voor de klant en de luchtvaartmaatschappij. Door een adequate verwerking van data is uw organisatie bovendien in staat om de verwerking van gegevens in de mid- en backoffice verregaand te automatiseren. In de distributie procedures bieden alle&#8230;<\/p>\n","protected":false},"author":1,"featured_media":0,"parent":0,"menu_order":0,"comment_status":"closed","ping_status":"closed","template":"","meta":{"inline_featured_image":false,"footnotes":""},"class_list":["post-13977","page","type-page","status-publish","hentry"],"yoast_head":"<!-- This site is optimized with the Yoast SEO plugin v27.5 - https:\/\/yoast.com\/product\/yoast-seo-wordpress\/ -->\n<title>Data services - TICECo Legal Services<\/title>\n<meta name=\"robots\" content=\"index, follow, max-snippet:-1, max-image-preview:large, max-video-preview:-1\" \/>\n<link rel=\"canonical\" href=\"https:\/\/www.ticeco.eu\/nl\/data-services\/\" \/>\n<meta property=\"og:locale\" content=\"nl_NL\" \/>\n<meta property=\"og:type\" content=\"article\" \/>\n<meta property=\"og:title\" content=\"Data services - TICECo Legal Services\" \/>\n<meta property=\"og:description\" content=\"Data is voor een IATA agent uitermate belangrijk. Een kleine vergissing kan al snel een aanzienlijke schade opleveren voor de klant en de luchtvaartmaatschappij. Door een adequate verwerking van data is uw organisatie bovendien in staat om de verwerking van gegevens in de mid- en backoffice verregaand te automatiseren. In de distributie procedures bieden alle...\" \/>\n<meta property=\"og:url\" content=\"https:\/\/www.ticeco.eu\/nl\/data-services\/\" \/>\n<meta property=\"og:site_name\" content=\"TICECo Legal Services\" \/>\n<meta property=\"article:modified_time\" content=\"2021-12-14T23:52:03+00:00\" \/>\n<meta property=\"og:image\" content=\"https:\/\/www.ticeco.eu\/wp-content\/uploads\/other\/iata-data-wordcloud.webp\" \/>\n<meta name=\"twitter:card\" content=\"summary_large_image\" \/>\n<meta name=\"twitter:site\" content=\"@ticeconl\" \/>\n<meta name=\"twitter:label1\" content=\"Geschatte leestijd\" \/>\n\t<meta name=\"twitter:data1\" content=\"3 minuten\" \/>\n<script type=\"application\/ld+json\" class=\"yoast-schema-graph\">{\"@context\":\"https:\\\/\\\/schema.org\",\"@graph\":[{\"@type\":\"WebPage\",\"@id\":\"https:\\\/\\\/www.ticeco.eu\\\/nl\\\/data-services\\\/\",\"url\":\"https:\\\/\\\/www.ticeco.eu\\\/nl\\\/data-services\\\/\",\"name\":\"Data services - TICECo Legal Services\",\"isPartOf\":{\"@id\":\"https:\\\/\\\/www.ticeco.eu\\\/nl\\\/#website\"},\"datePublished\":\"2021-12-14T22:45:07+00:00\",\"dateModified\":\"2021-12-14T23:52:03+00:00\",\"breadcrumb\":{\"@id\":\"https:\\\/\\\/www.ticeco.eu\\\/nl\\\/data-services\\\/#breadcrumb\"},\"inLanguage\":\"nl-NL\",\"potentialAction\":[{\"@type\":\"ReadAction\",\"target\":[\"https:\\\/\\\/www.ticeco.eu\\\/nl\\\/data-services\\\/\"]}]},{\"@type\":\"BreadcrumbList\",\"@id\":\"https:\\\/\\\/www.ticeco.eu\\\/nl\\\/data-services\\\/#breadcrumb\",\"itemListElement\":[{\"@type\":\"ListItem\",\"position\":1,\"name\":\"Home\",\"item\":\"https:\\\/\\\/www.ticeco.eu\\\/nl\\\/\"},{\"@type\":\"ListItem\",\"position\":2,\"name\":\"Data services\"}]},{\"@type\":\"WebSite\",\"@id\":\"https:\\\/\\\/www.ticeco.eu\\\/nl\\\/#website\",\"url\":\"https:\\\/\\\/www.ticeco.eu\\\/nl\\\/\",\"name\":\"TICECo Legal Services\",\"description\":\"H\u00e8t juridische adviesbureau voor de reis-, cargo- en luchtvaartbranche!\",\"publisher\":{\"@id\":\"https:\\\/\\\/www.ticeco.eu\\\/nl\\\/#organization\"},\"potentialAction\":[{\"@type\":\"SearchAction\",\"target\":{\"@type\":\"EntryPoint\",\"urlTemplate\":\"https:\\\/\\\/www.ticeco.eu\\\/nl\\\/?s={search_term_string}\"},\"query-input\":{\"@type\":\"PropertyValueSpecification\",\"valueRequired\":true,\"valueName\":\"search_term_string\"}}],\"inLanguage\":\"nl-NL\"},{\"@type\":\"Organization\",\"@id\":\"https:\\\/\\\/www.ticeco.eu\\\/nl\\\/#organization\",\"name\":\"TICECo Legal Services\",\"url\":\"https:\\\/\\\/www.ticeco.eu\\\/nl\\\/\",\"logo\":{\"@type\":\"ImageObject\",\"inLanguage\":\"nl-NL\",\"@id\":\"https:\\\/\\\/www.ticeco.eu\\\/nl\\\/#\\\/schema\\\/logo\\\/image\\\/\",\"url\":\"https:\\\/\\\/www.ticeco.eu\\\/wp-content\\\/uploads\\\/logo\\\/ticeco_logo_horzwfr.svg\",\"contentUrl\":\"https:\\\/\\\/www.ticeco.eu\\\/wp-content\\\/uploads\\\/logo\\\/ticeco_logo_horzwfr.svg\",\"width\":1,\"height\":1,\"caption\":\"TICECo Legal Services\"},\"image\":{\"@id\":\"https:\\\/\\\/www.ticeco.eu\\\/nl\\\/#\\\/schema\\\/logo\\\/image\\\/\"},\"sameAs\":[\"https:\\\/\\\/x.com\\\/ticeconl\",\"https:\\\/\\\/nl.linkedin.com\\\/showcase\\\/ticeco-legal-services\"]}]}<\/script>\n<!-- \/ Yoast SEO plugin. -->","yoast_head_json":{"title":"Data services - TICECo Legal Services","robots":{"index":"index","follow":"follow","max-snippet":"max-snippet:-1","max-image-preview":"max-image-preview:large","max-video-preview":"max-video-preview:-1"},"canonical":"https:\/\/www.ticeco.eu\/nl\/data-services\/","og_locale":"nl_NL","og_type":"article","og_title":"Data services - TICECo Legal Services","og_description":"Data is voor een IATA agent uitermate belangrijk. Een kleine vergissing kan al snel een aanzienlijke schade opleveren voor de klant en de luchtvaartmaatschappij. Door een adequate verwerking van data is uw organisatie bovendien in staat om de verwerking van gegevens in de mid- en backoffice verregaand te automatiseren. In de distributie procedures bieden alle...","og_url":"https:\/\/www.ticeco.eu\/nl\/data-services\/","og_site_name":"TICECo Legal Services","article_modified_time":"2021-12-14T23:52:03+00:00","og_image":[{"url":"https:\/\/www.ticeco.eu\/wp-content\/uploads\/other\/iata-data-wordcloud.webp","type":"","width":"","height":""}],"twitter_card":"summary_large_image","twitter_site":"@ticeconl","twitter_misc":{"Geschatte leestijd":"3 minuten"},"schema":{"@context":"https:\/\/schema.org","@graph":[{"@type":"WebPage","@id":"https:\/\/www.ticeco.eu\/nl\/data-services\/","url":"https:\/\/www.ticeco.eu\/nl\/data-services\/","name":"Data services - TICECo Legal Services","isPartOf":{"@id":"https:\/\/www.ticeco.eu\/nl\/#website"},"datePublished":"2021-12-14T22:45:07+00:00","dateModified":"2021-12-14T23:52:03+00:00","breadcrumb":{"@id":"https:\/\/www.ticeco.eu\/nl\/data-services\/#breadcrumb"},"inLanguage":"nl-NL","potentialAction":[{"@type":"ReadAction","target":["https:\/\/www.ticeco.eu\/nl\/data-services\/"]}]},{"@type":"BreadcrumbList","@id":"https:\/\/www.ticeco.eu\/nl\/data-services\/#breadcrumb","itemListElement":[{"@type":"ListItem","position":1,"name":"Home","item":"https:\/\/www.ticeco.eu\/nl\/"},{"@type":"ListItem","position":2,"name":"Data services"}]},{"@type":"WebSite","@id":"https:\/\/www.ticeco.eu\/nl\/#website","url":"https:\/\/www.ticeco.eu\/nl\/","name":"TICECo Legal Services","description":"H\u00e8t juridische adviesbureau voor de reis-, cargo- en luchtvaartbranche!","publisher":{"@id":"https:\/\/www.ticeco.eu\/nl\/#organization"},"potentialAction":[{"@type":"SearchAction","target":{"@type":"EntryPoint","urlTemplate":"https:\/\/www.ticeco.eu\/nl\/?s={search_term_string}"},"query-input":{"@type":"PropertyValueSpecification","valueRequired":true,"valueName":"search_term_string"}}],"inLanguage":"nl-NL"},{"@type":"Organization","@id":"https:\/\/www.ticeco.eu\/nl\/#organization","name":"TICECo Legal Services","url":"https:\/\/www.ticeco.eu\/nl\/","logo":{"@type":"ImageObject","inLanguage":"nl-NL","@id":"https:\/\/www.ticeco.eu\/nl\/#\/schema\/logo\/image\/","url":"https:\/\/www.ticeco.eu\/wp-content\/uploads\/logo\/ticeco_logo_horzwfr.svg","contentUrl":"https:\/\/www.ticeco.eu\/wp-content\/uploads\/logo\/ticeco_logo_horzwfr.svg","width":1,"height":1,"caption":"TICECo Legal Services"},"image":{"@id":"https:\/\/www.ticeco.eu\/nl\/#\/schema\/logo\/image\/"},"sameAs":["https:\/\/x.com\/ticeconl","https:\/\/nl.linkedin.com\/showcase\/ticeco-legal-services"]}]}},"_links":{"self":[{"href":"https:\/\/www.ticeco.eu\/nl\/wp-json\/wp\/v2\/pages\/13977","targetHints":{"allow":["GET"]}}],"collection":[{"href":"https:\/\/www.ticeco.eu\/nl\/wp-json\/wp\/v2\/pages"}],"about":[{"href":"https:\/\/www.ticeco.eu\/nl\/wp-json\/wp\/v2\/types\/page"}],"author":[{"embeddable":true,"href":"https:\/\/www.ticeco.eu\/nl\/wp-json\/wp\/v2\/users\/1"}],"replies":[{"embeddable":true,"href":"https:\/\/www.ticeco.eu\/nl\/wp-json\/wp\/v2\/comments?post=13977"}],"version-history":[{"count":0,"href":"https:\/\/www.ticeco.eu\/nl\/wp-json\/wp\/v2\/pages\/13977\/revisions"}],"wp:attachment":[{"href":"https:\/\/www.ticeco.eu\/nl\/wp-json\/wp\/v2\/media?parent=13977"}],"curies":[{"name":"wp","href":"https:\/\/api.w.org\/{rel}","templated":true}]}}