{"id":16534,"date":"2022-02-02T16:26:07","date_gmt":"2022-02-02T15:26:07","guid":{"rendered":"https:\/\/www.ticeco.eu\/?page_id=16534"},"modified":"2023-05-08T00:20:26","modified_gmt":"2023-05-07T22:20:26","slug":"iata-beeindigen","status":"publish","type":"page","link":"https:\/\/www.ticeco.eu\/nl\/iata\/iata-beeindigen\/","title":{"rendered":"IATA licentie be\u00ebindigen"},"content":{"rendered":"<div class=\"row \"><div class=\"wpv-grid grid-1-1  wpv-first-level first unextended\" style=\"padding-top:0px;padding-bottom:0px\" id=\"tic-resize\" ><div class=\"row \"><div class=\"wpv-grid grid-1-1 tic-col first unextended\" style=\"padding-top:0px;padding-bottom:0px\" id=\"wpv-column-02f37d44b96c3d5f71142351dc6da976\" ><div class=\"push\" style='height:50px'><\/div>\n<div class=\"row \"><div class=\"wpv-grid grid-1-1 tic-col first unextended\" style=\"padding-top:0px;padding-bottom:0px\" id=\"wpv-column-480cb965ab851e0e0ffbb718fe03b0a4\" ><div class=\"row \"><div class=\"wpv-grid grid-1-2  first unextended\" style=\"padding-top:0px;padding-bottom:0px\" id=\"wpv-column-ea83c1368fd8910e76f021c3d1891c13\" ><div class=\"row \"><div class=\"wpv-grid grid-1-1  first unextended\" style=\"padding-top:0px;padding-bottom:0px\" id=\"wpv-column-3a0044d4c89bbc38f90646f58a78f1a6\" >\t\t\t\t\t\n<div>\n<h4>Be\u00ebindigen van uw IATA-licentie<\/h4>\n<\/div>\n\t\t\t\t<div class=\"sep\"><\/div>\t<p style=\"text-align: left;\">U kunt op ieder moment besluiten uw IATA licentie te be\u00ebindigen. Hiervoor kunnen valide argumenten zijn, u heeft de licentie niet meer nodig, u wilt uw IATA activiteiten outsourcen (via bijvoorbeeld een consolidator) of de financi\u00eble garantie die IATA van u verlangt is gewoonweg te hoog. Er zijn hierin belangrijke zaken waarmee u rekening moet houden:<br \/>\n\n<ul class=\"styled-list  icon-accent1\">\n<li class=\" icon-b \" data-icon=\"&#58008;\">Eventuele bestaande commerci\u00eble afspraken met luchtvaartmaatschappijen.<\/li>\n<li class=\" icon-b \" data-icon=\"&#58008;\">Decharge van eventuele verstrekte financi\u00eble garanties.<\/li>\n<li class=\" icon-b \" data-icon=\"&#58008;\">Informatie aan uw commerci\u00eble partners.<\/li>\n<li class=\" icon-b \" data-icon=\"&#58008;\">Verplichtingen ten aanzien van eventuele service level overeenkomsten met klanten.<\/li>\n<li class=\" icon-b \" data-icon=\"&#58008;\">Verplichtingen ten aanzien van andere externe partijen (bijvoorbeeld Hadj\/Umrah agenten).<\/li>\n<\/ul>\n<\/div><\/div><\/div>\n<div class=\"wpv-grid grid-1-2  unextended\" style=\"padding-top:0px;padding-bottom:0px\" id=\"wpv-column-1f715aef73c1b15cf8fdf9e47b450bff\" ><div class=\"row \"><div class=\"wpv-grid grid-1-1 accent-6 first has-background unextended\" style=\"background-color:#c6cbc7;padding-top:0px;padding-bottom:0px\" id=\"wpv-column-db795774b5c7cf5229073b9266f4e91c\" ><style>#wpv-column-db795774b5c7cf5229073b9266f4e91c p,#wpv-column-db795774b5c7cf5229073b9266f4e91c em,#wpv-column-db795774b5c7cf5229073b9266f4e91c .column-title,#wpv-column-db795774b5c7cf5229073b9266f4e91c .sep-text h2.regular-title-wrapper,#wpv-column-db795774b5c7cf5229073b9266f4e91c .text-divider-double,#wpv-column-db795774b5c7cf5229073b9266f4e91c .sep-text .sep-text-line,#wpv-column-db795774b5c7cf5229073b9266f4e91c .sep,#wpv-column-db795774b5c7cf5229073b9266f4e91c .sep-2,#wpv-column-db795774b5c7cf5229073b9266f4e91c .sep-3,#wpv-column-db795774b5c7cf5229073b9266f4e91c td,#wpv-column-db795774b5c7cf5229073b9266f4e91c th,#wpv-column-db795774b5c7cf5229073b9266f4e91c caption{color:#464c47;}#wpv-column-db795774b5c7cf5229073b9266f4e91c:before{background-color:transparent;}<\/style><div class=\"row \"><div class=\"wpv-grid grid-1-1  first unextended\" style=\"padding-top:0px;padding-bottom:0px\" id=\"wpv-column-c05f9a660ca7f06ed88e025ed85192fd\" >\t\t\t\t\t\n<div>\n<h4>Be\u00ebindigen? Overweeg alternatieven!<\/h4>\n<\/div>\n\t\t\t\t<div class=\"sep\"><\/div>\t<p style=\"text-align: left;\">Voor het be\u00ebindigen van uw IATA-licentie bestaan ook prima alternatieven, zoals (in geval van een IATA Passenger Agent) het \u201cslapende\u201d houden van uw IATA locatie, omzetten van het type accreditatie van GoStandard naar GoLite, het verkopen van uw IATA activiteiten aan een andere partij (met of zonder klantenbestand), etc. In geval van Cargo is er in mindere mate sprake van het aanhouden van een IATA licentie, omdat de eisen voor het verkrijgen lager zijn.<\/div><\/div>\n<div class=\"row \"><div class=\"wpv-grid grid-1-1  first unextended\" style=\"padding-top:0px;padding-bottom:0px\" id=\"wpv-column-fdc861645e298d6b163838e095a062f3\" ><p><img loading=\"lazy\" decoding=\"async\" class=\"alignnone size-full wp-image-16536\" src=\"https:\/\/www.ticeco.eu\/wp-content\/uploads\/other\/tic-cons-gen-4.webp\" alt=\"Welke alternatieven zijn er om uw IATA licentie te be\u00ebindigen?\" width=\"1920\" height=\"1080\" \/><\/div><\/div><\/div><\/div><\/div><\/div>\n<div class=\"row \"><div class=\"wpv-grid grid-1-2  first unextended\" style=\"padding-top:0px;padding-bottom:0px\" id=\"wpv-column-cb7c0795d2f9074ee81b2ac8db1d94f5\" ><div class=\"row \"><div class=\"wpv-grid grid-1-1  first unextended\" style=\"padding-top:0px;padding-bottom:0px\" id=\"wpv-column-bd3a53121ec5a6deb295cc35918b6ceb\" >\t\t\t\t\t\n<div>\n<h4>Verder als non-IATA? Overweeg een TIDS!<\/h4>\n<\/div>\n\t\t\t\t<div class=\"sep\"><\/div>\t<p>TIDS staat voor Travel Industry Designator Service. Dit is een code die door IATA wordt uitgegeven waarbij iedere non-IATA reisagent, meeting en event planner zich internationaal als reisprofessional kan identificeren bij reisdienstverleners zoals hotels, autoverhuurders, cruisemaatschappijen, enz. IATA communiceert deze gegevens meerdere keren per week via haar official bulletins en leveranciers kunnen de code eveneens online verifi\u00ebren op de website van IATA (zie<a href=\"https:\/\/store.iata.org\/ieccacfree\"> https:\/\/store.iata.org\/ieccacfree<\/a>). De aanvrager moet bij de aanvraag aan bepaalde eisen voldoen, zoals het aantoonbaar voeren van een onderneming die zich bezig houdt met reizen, event planning enz., waar vereist een vergunning kunnen tonen (geldt niet voor Nederland) en door een reisdienstverlener schriftelijk worden voorgedragen. Voor ex-IATA agenten zal het in de meeste gevallen geen enkel probleem zijn om een TIDS registratie te ontvangen.<\/div><\/div><\/div>\n<div class=\"wpv-grid grid-1-2  unextended\" style=\"padding-top:0px;padding-bottom:0px\" id=\"wpv-column-15b599d2a1d6a83f3881d33d6f1c3a47\" ><div class=\"row \"><div class=\"wpv-grid grid-1-1  first unextended\" style=\"padding-top:0px;padding-bottom:0px\" id=\"wpv-column-fccfc940064dbee5a64aa186e4d116a3\" >\t\t\t\t\t\n<div>\n<h4>Wij begeleiden u graag!<\/h4>\n<\/div>\n\t\t\t\t<div class=\"sep\"><\/div>\t<p style=\"text-align: left;\">Bij een vrijwillige be\u00ebindiging van uw IATA-licentie staat \u00e9\u00e9n doel voorop: u wilt alle met een IATA accreditatie samenhangende verplichtingen zo snel mogelijk ongedaan maken en waar van toepassing, so snel mogelijk decharge ontvangen van uw financi\u00eble garantie(s). Als uw IATA-licentie echter door IATA wordt opgeschort of be\u00ebindigd, dan wilt u deze zo snel mogelijk herstellen zodat uw operatie hiervan zo weinig mogelijk last van ondervindt.\u00a0 Wij adviseren u daarom tijdig en vakkundig advies in te winnen bij iedere opschortings- of be\u00ebindigingssituatie van uw IATA-licentie en waar gewenst, alvast na te denken over alternatieve mogelijkheden. TICECo Legal Services kan u hierbij vanzelfsprekend snel en deskundig van dienst zijn.<\/div><\/div><\/div><\/div><\/div><\/div><\/div><\/div><\/div><\/div>\n","protected":false},"excerpt":{"rendered":"<p>U kunt op ieder moment besluiten uw IATA licentie te be\u00ebindigen. Hiervoor kunnen valide argumenten zijn, u heeft de licentie niet meer nodig, u wilt uw IATA activiteiten outsourcen (via bijvoorbeeld een consolidator) of de financi\u00eble garantie die IATA van u verlangt is gewoonweg te hoog. Er zijn hierin belangrijke zaken waarmee u rekening moet&#8230;<\/p>\n","protected":false},"author":1,"featured_media":0,"parent":13490,"menu_order":0,"comment_status":"closed","ping_status":"closed","template":"","meta":{"inline_featured_image":false,"footnotes":""},"class_list":["post-16534","page","type-page","status-publish","hentry"],"yoast_head":"<!-- This site is optimized with the Yoast SEO plugin v27.5 - https:\/\/yoast.com\/product\/yoast-seo-wordpress\/ -->\n<title>IATA licentie be\u00ebindigen - TICECo Legal Services<\/title>\n<meta name=\"description\" content=\"Wilt u uw IATA licentie be\u00ebindigen? Welke overwegingen spelen hierbij een rol. Laat u adviseren door TICECo Legal Services.\" \/>\n<meta name=\"robots\" content=\"index, follow, max-snippet:-1, max-image-preview:large, max-video-preview:-1\" \/>\n<link rel=\"canonical\" href=\"https:\/\/www.ticeco.eu\/nl\/iata\/iata-beeindigen\/\" \/>\n<meta property=\"og:locale\" content=\"nl_NL\" \/>\n<meta property=\"og:type\" content=\"article\" \/>\n<meta property=\"og:title\" content=\"IATA licentie be\u00ebindigen - TICECo Legal Services\" \/>\n<meta property=\"og:description\" content=\"Wilt u uw IATA licentie be\u00ebindigen? Welke overwegingen spelen hierbij een rol. Laat u adviseren door TICECo Legal Services.\" \/>\n<meta property=\"og:url\" content=\"https:\/\/www.ticeco.eu\/nl\/iata\/iata-beeindigen\/\" \/>\n<meta property=\"og:site_name\" content=\"TICECo Legal Services\" \/>\n<meta property=\"article:modified_time\" content=\"2023-05-07T22:20:26+00:00\" \/>\n<meta property=\"og:image\" content=\"https:\/\/www.ticeco.eu\/wp-content\/uploads\/other\/tic-cons-gen-4.webp\" \/>\n<meta name=\"twitter:card\" content=\"summary_large_image\" \/>\n<meta name=\"twitter:site\" content=\"@ticeconl\" \/>\n<meta name=\"twitter:label1\" content=\"Geschatte leestijd\" \/>\n\t<meta name=\"twitter:data1\" content=\"4 minuten\" \/>\n<script type=\"application\/ld+json\" class=\"yoast-schema-graph\">{\"@context\":\"https:\\\/\\\/schema.org\",\"@graph\":[{\"@type\":\"WebPage\",\"@id\":\"https:\\\/\\\/www.ticeco.eu\\\/nl\\\/iata\\\/iata-beeindigen\\\/\",\"url\":\"https:\\\/\\\/www.ticeco.eu\\\/nl\\\/iata\\\/iata-beeindigen\\\/\",\"name\":\"IATA licentie be\u00ebindigen - TICECo Legal Services\",\"isPartOf\":{\"@id\":\"https:\\\/\\\/www.ticeco.eu\\\/nl\\\/#website\"},\"primaryImageOfPage\":{\"@id\":\"https:\\\/\\\/www.ticeco.eu\\\/nl\\\/iata\\\/iata-beeindigen\\\/#primaryimage\"},\"image\":{\"@id\":\"https:\\\/\\\/www.ticeco.eu\\\/nl\\\/iata\\\/iata-beeindigen\\\/#primaryimage\"},\"thumbnailUrl\":\"https:\\\/\\\/www.ticeco.eu\\\/wp-content\\\/uploads\\\/other\\\/tic-cons-gen-4.webp\",\"datePublished\":\"2022-02-02T15:26:07+00:00\",\"dateModified\":\"2023-05-07T22:20:26+00:00\",\"description\":\"Wilt u uw IATA licentie be\u00ebindigen? Welke overwegingen spelen hierbij een rol. Laat u adviseren door TICECo Legal Services.\",\"breadcrumb\":{\"@id\":\"https:\\\/\\\/www.ticeco.eu\\\/nl\\\/iata\\\/iata-beeindigen\\\/#breadcrumb\"},\"inLanguage\":\"nl-NL\",\"potentialAction\":[{\"@type\":\"ReadAction\",\"target\":[\"https:\\\/\\\/www.ticeco.eu\\\/nl\\\/iata\\\/iata-beeindigen\\\/\"]}]},{\"@type\":\"ImageObject\",\"inLanguage\":\"nl-NL\",\"@id\":\"https:\\\/\\\/www.ticeco.eu\\\/nl\\\/iata\\\/iata-beeindigen\\\/#primaryimage\",\"url\":\"https:\\\/\\\/www.ticeco.eu\\\/wp-content\\\/uploads\\\/other\\\/tic-cons-gen-4.webp\",\"contentUrl\":\"https:\\\/\\\/www.ticeco.eu\\\/wp-content\\\/uploads\\\/other\\\/tic-cons-gen-4.webp\"},{\"@type\":\"BreadcrumbList\",\"@id\":\"https:\\\/\\\/www.ticeco.eu\\\/nl\\\/iata\\\/iata-beeindigen\\\/#breadcrumb\",\"itemListElement\":[{\"@type\":\"ListItem\",\"position\":1,\"name\":\"Home\",\"item\":\"https:\\\/\\\/www.ticeco.eu\\\/nl\\\/\"},{\"@type\":\"ListItem\",\"position\":2,\"name\":\"IATA\",\"item\":\"https:\\\/\\\/www.ticeco.eu\\\/nl\\\/iata\\\/\"},{\"@type\":\"ListItem\",\"position\":3,\"name\":\"IATA licentie be\u00ebindigen\"}]},{\"@type\":\"WebSite\",\"@id\":\"https:\\\/\\\/www.ticeco.eu\\\/nl\\\/#website\",\"url\":\"https:\\\/\\\/www.ticeco.eu\\\/nl\\\/\",\"name\":\"TICECo Legal Services\",\"description\":\"H\u00e8t juridische adviesbureau voor de reis-, cargo- en luchtvaartbranche!\",\"publisher\":{\"@id\":\"https:\\\/\\\/www.ticeco.eu\\\/nl\\\/#organization\"},\"potentialAction\":[{\"@type\":\"SearchAction\",\"target\":{\"@type\":\"EntryPoint\",\"urlTemplate\":\"https:\\\/\\\/www.ticeco.eu\\\/nl\\\/?s={search_term_string}\"},\"query-input\":{\"@type\":\"PropertyValueSpecification\",\"valueRequired\":true,\"valueName\":\"search_term_string\"}}],\"inLanguage\":\"nl-NL\"},{\"@type\":\"Organization\",\"@id\":\"https:\\\/\\\/www.ticeco.eu\\\/nl\\\/#organization\",\"name\":\"TICECo Legal Services\",\"url\":\"https:\\\/\\\/www.ticeco.eu\\\/nl\\\/\",\"logo\":{\"@type\":\"ImageObject\",\"inLanguage\":\"nl-NL\",\"@id\":\"https:\\\/\\\/www.ticeco.eu\\\/nl\\\/#\\\/schema\\\/logo\\\/image\\\/\",\"url\":\"https:\\\/\\\/www.ticeco.eu\\\/wp-content\\\/uploads\\\/logo\\\/ticeco_logo_horzwfr.svg\",\"contentUrl\":\"https:\\\/\\\/www.ticeco.eu\\\/wp-content\\\/uploads\\\/logo\\\/ticeco_logo_horzwfr.svg\",\"width\":1,\"height\":1,\"caption\":\"TICECo Legal Services\"},\"image\":{\"@id\":\"https:\\\/\\\/www.ticeco.eu\\\/nl\\\/#\\\/schema\\\/logo\\\/image\\\/\"},\"sameAs\":[\"https:\\\/\\\/x.com\\\/ticeconl\",\"https:\\\/\\\/nl.linkedin.com\\\/showcase\\\/ticeco-legal-services\"]}]}<\/script>\n<!-- \/ Yoast SEO plugin. -->","yoast_head_json":{"title":"IATA licentie be\u00ebindigen - TICECo Legal Services","description":"Wilt u uw IATA licentie be\u00ebindigen? Welke overwegingen spelen hierbij een rol. Laat u adviseren door TICECo Legal Services.","robots":{"index":"index","follow":"follow","max-snippet":"max-snippet:-1","max-image-preview":"max-image-preview:large","max-video-preview":"max-video-preview:-1"},"canonical":"https:\/\/www.ticeco.eu\/nl\/iata\/iata-beeindigen\/","og_locale":"nl_NL","og_type":"article","og_title":"IATA licentie be\u00ebindigen - TICECo Legal Services","og_description":"Wilt u uw IATA licentie be\u00ebindigen? Welke overwegingen spelen hierbij een rol. Laat u adviseren door TICECo Legal Services.","og_url":"https:\/\/www.ticeco.eu\/nl\/iata\/iata-beeindigen\/","og_site_name":"TICECo Legal Services","article_modified_time":"2023-05-07T22:20:26+00:00","og_image":[{"url":"https:\/\/www.ticeco.eu\/wp-content\/uploads\/other\/tic-cons-gen-4.webp","type":"","width":"","height":""}],"twitter_card":"summary_large_image","twitter_site":"@ticeconl","twitter_misc":{"Geschatte leestijd":"4 minuten"},"schema":{"@context":"https:\/\/schema.org","@graph":[{"@type":"WebPage","@id":"https:\/\/www.ticeco.eu\/nl\/iata\/iata-beeindigen\/","url":"https:\/\/www.ticeco.eu\/nl\/iata\/iata-beeindigen\/","name":"IATA licentie be\u00ebindigen - TICECo Legal Services","isPartOf":{"@id":"https:\/\/www.ticeco.eu\/nl\/#website"},"primaryImageOfPage":{"@id":"https:\/\/www.ticeco.eu\/nl\/iata\/iata-beeindigen\/#primaryimage"},"image":{"@id":"https:\/\/www.ticeco.eu\/nl\/iata\/iata-beeindigen\/#primaryimage"},"thumbnailUrl":"https:\/\/www.ticeco.eu\/wp-content\/uploads\/other\/tic-cons-gen-4.webp","datePublished":"2022-02-02T15:26:07+00:00","dateModified":"2023-05-07T22:20:26+00:00","description":"Wilt u uw IATA licentie be\u00ebindigen? Welke overwegingen spelen hierbij een rol. Laat u adviseren door TICECo Legal Services.","breadcrumb":{"@id":"https:\/\/www.ticeco.eu\/nl\/iata\/iata-beeindigen\/#breadcrumb"},"inLanguage":"nl-NL","potentialAction":[{"@type":"ReadAction","target":["https:\/\/www.ticeco.eu\/nl\/iata\/iata-beeindigen\/"]}]},{"@type":"ImageObject","inLanguage":"nl-NL","@id":"https:\/\/www.ticeco.eu\/nl\/iata\/iata-beeindigen\/#primaryimage","url":"https:\/\/www.ticeco.eu\/wp-content\/uploads\/other\/tic-cons-gen-4.webp","contentUrl":"https:\/\/www.ticeco.eu\/wp-content\/uploads\/other\/tic-cons-gen-4.webp"},{"@type":"BreadcrumbList","@id":"https:\/\/www.ticeco.eu\/nl\/iata\/iata-beeindigen\/#breadcrumb","itemListElement":[{"@type":"ListItem","position":1,"name":"Home","item":"https:\/\/www.ticeco.eu\/nl\/"},{"@type":"ListItem","position":2,"name":"IATA","item":"https:\/\/www.ticeco.eu\/nl\/iata\/"},{"@type":"ListItem","position":3,"name":"IATA licentie be\u00ebindigen"}]},{"@type":"WebSite","@id":"https:\/\/www.ticeco.eu\/nl\/#website","url":"https:\/\/www.ticeco.eu\/nl\/","name":"TICECo Legal Services","description":"H\u00e8t juridische adviesbureau voor de reis-, cargo- en luchtvaartbranche!","publisher":{"@id":"https:\/\/www.ticeco.eu\/nl\/#organization"},"potentialAction":[{"@type":"SearchAction","target":{"@type":"EntryPoint","urlTemplate":"https:\/\/www.ticeco.eu\/nl\/?s={search_term_string}"},"query-input":{"@type":"PropertyValueSpecification","valueRequired":true,"valueName":"search_term_string"}}],"inLanguage":"nl-NL"},{"@type":"Organization","@id":"https:\/\/www.ticeco.eu\/nl\/#organization","name":"TICECo Legal Services","url":"https:\/\/www.ticeco.eu\/nl\/","logo":{"@type":"ImageObject","inLanguage":"nl-NL","@id":"https:\/\/www.ticeco.eu\/nl\/#\/schema\/logo\/image\/","url":"https:\/\/www.ticeco.eu\/wp-content\/uploads\/logo\/ticeco_logo_horzwfr.svg","contentUrl":"https:\/\/www.ticeco.eu\/wp-content\/uploads\/logo\/ticeco_logo_horzwfr.svg","width":1,"height":1,"caption":"TICECo Legal Services"},"image":{"@id":"https:\/\/www.ticeco.eu\/nl\/#\/schema\/logo\/image\/"},"sameAs":["https:\/\/x.com\/ticeconl","https:\/\/nl.linkedin.com\/showcase\/ticeco-legal-services"]}]}},"_links":{"self":[{"href":"https:\/\/www.ticeco.eu\/nl\/wp-json\/wp\/v2\/pages\/16534","targetHints":{"allow":["GET"]}}],"collection":[{"href":"https:\/\/www.ticeco.eu\/nl\/wp-json\/wp\/v2\/pages"}],"about":[{"href":"https:\/\/www.ticeco.eu\/nl\/wp-json\/wp\/v2\/types\/page"}],"author":[{"embeddable":true,"href":"https:\/\/www.ticeco.eu\/nl\/wp-json\/wp\/v2\/users\/1"}],"replies":[{"embeddable":true,"href":"https:\/\/www.ticeco.eu\/nl\/wp-json\/wp\/v2\/comments?post=16534"}],"version-history":[{"count":2,"href":"https:\/\/www.ticeco.eu\/nl\/wp-json\/wp\/v2\/pages\/16534\/revisions"}],"predecessor-version":[{"id":17048,"href":"https:\/\/www.ticeco.eu\/nl\/wp-json\/wp\/v2\/pages\/16534\/revisions\/17048"}],"up":[{"embeddable":true,"href":"https:\/\/www.ticeco.eu\/nl\/wp-json\/wp\/v2\/pages\/13490"}],"wp:attachment":[{"href":"https:\/\/www.ticeco.eu\/nl\/wp-json\/wp\/v2\/media?parent=16534"}],"curies":[{"name":"wp","href":"https:\/\/api.w.org\/{rel}","templated":true}]}}